{"id":231,"date":"2021-05-19T18:26:36","date_gmt":"2021-05-19T15:26:36","guid":{"rendered":"https:\/\/obilevar.com\/?page_id=231"},"modified":"2025-10-12T14:37:20","modified_gmt":"2025-10-12T11:37:20","slug":"kurumsal","status":"publish","type":"page","link":"https:\/\/obilevar.com\/index.php\/kurumsal\/","title":{"rendered":"HAKKIMIZDA"},"content":{"rendered":"<p>[vc_row][vc_column width=&#8221;1\/1&#8243;][vc_column_text]<\/p>\n<h1 class=\"wp-block-heading\">\u00a0<\/h1>\n\n<p>Ev Han\u0131mlar\u0131 olarak ev b\u00fct\u00e7emize katk\u0131 olmas\u0131 amac\u0131yla kendi el emeklerimizi ihtiyac\u0131 olan ki\u015filere ula\u015ft\u0131rmak i\u00e7in \u00e7aba harcamaktay\u0131z. Kendi el eme\u011fimiz g\u00f6z nurumuzla i\u015fledi\u011fimiz \u00e7eyizlik ve hediyelik \u00fcr\u00fcnlerimizi sizlerin be\u011fenisine sunuyoruz.<\/p>\n<p>\u00dcr\u00fcnlerimiz %100 el eme\u011fi ile i\u015flenmi\u015f olup tamam\u0131 ev han\u0131mlar\u0131 ve \u00f6\u011frenciler taraf\u0131ndan haz\u0131rlan\u0131p g\u00f6nderilmektedir.\u00a0<\/p>\n<p>\u00dcr\u00fcnler hakk\u0131nda geni\u015f bilgi i\u00e7in bize mesaj atmaktan \u00e7ekinmeyin.<\/p>\n<p>[\/vc_column_text][\/vc_column][\/vc_row]<\/p>\n","protected":false},"excerpt":{"rendered":"<p>[vc_row][vc_column width=&#8221;1\/1&#8243;][vc_column_text] \u00a0 Ev Han\u0131mlar\u0131 olarak ev b\u00fct\u00e7emize katk\u0131 olmas\u0131 amac\u0131yla kendi el emeklerimizi ihtiyac\u0131 olan ki\u015filere ula\u015ft\u0131rmak i\u00e7in \u00e7aba harcamaktay\u0131z. Kendi el eme\u011fimiz g\u00f6z nurumuzla i\u015fledi\u011fimiz \u00e7eyizlik ve hediyelik \u00fcr\u00fcnlerimizi sizlerin be\u011fenisine sunuyoruz. \u00dcr\u00fcnlerimiz %100 el eme\u011fi ile i\u015flenmi\u015f olup tamam\u0131 ev han\u0131mlar\u0131 ve \u00f6\u011frenciler taraf\u0131ndan haz\u0131rlan\u0131p g\u00f6nderilmektedir.\u00a0 \u00dcr\u00fcnler hakk\u0131nda geni\u015f bilgi i\u00e7in bize &hellip; <\/p>\n","protected":false},"author":1,"featured_media":0,"parent":0,"menu_order":0,"comment_status":"closed","ping_status":"closed","template":"","meta":{"footnotes":""},"class_list":["post-231","page","type-page","status-publish","hentry"],"yoast_head":"<!-- This site is optimized with the Yoast SEO plugin v16.3 - https:\/\/yoast.com\/wordpress\/plugins\/seo\/ -->\n<title>HAKKIMIZDA -<\/title>\n<meta name=\"robots\" content=\"index, follow, max-snippet:-1, max-image-preview:large, max-video-preview:-1\" \/>\n<link rel=\"canonical\" href=\"https:\/\/obilevar.com\/index.php\/kurumsal\/\" \/>\n<meta property=\"og:locale\" content=\"tr_TR\" \/>\n<meta property=\"og:type\" content=\"article\" \/>\n<meta property=\"og:title\" content=\"HAKKIMIZDA -\" \/>\n<meta property=\"og:description\" content=\"[vc_row][vc_column width=&#8221;1\/1&#8243;][vc_column_text] \u00a0 Ev Han\u0131mlar\u0131 olarak ev b\u00fct\u00e7emize katk\u0131 olmas\u0131 amac\u0131yla kendi el emeklerimizi ihtiyac\u0131 olan ki\u015filere ula\u015ft\u0131rmak i\u00e7in \u00e7aba harcamaktay\u0131z. Kendi el eme\u011fimiz g\u00f6z nurumuzla i\u015fledi\u011fimiz \u00e7eyizlik ve hediyelik \u00fcr\u00fcnlerimizi sizlerin be\u011fenisine sunuyoruz. \u00dcr\u00fcnlerimiz %100 el eme\u011fi ile i\u015flenmi\u015f olup tamam\u0131 ev han\u0131mlar\u0131 ve \u00f6\u011frenciler taraf\u0131ndan haz\u0131rlan\u0131p g\u00f6nderilmektedir.\u00a0 \u00dcr\u00fcnler hakk\u0131nda geni\u015f bilgi i\u00e7in bize &hellip;\" \/>\n<meta property=\"og:url\" content=\"https:\/\/obilevar.com\/index.php\/kurumsal\/\" \/>\n<meta property=\"article:modified_time\" content=\"2025-10-12T11:37:20+00:00\" \/>\n<meta name=\"twitter:card\" content=\"summary_large_image\" \/>\n<meta name=\"twitter:label1\" content=\"Tahmini okuma s\u00fcresi\">\n\t<meta name=\"twitter:data1\" content=\"2 dakika\">\n<script type=\"application\/ld+json\" class=\"yoast-schema-graph\">{\"@context\":\"https:\/\/schema.org\",\"@graph\":[{\"@type\":\"WebSite\",\"@id\":\"https:\/\/obilevar.com\/#website\",\"url\":\"https:\/\/obilevar.com\/\",\"name\":\"\",\"description\":\"O Bile Var - El Eme\\u011fi G\\u00f6z Nuru\",\"potentialAction\":[{\"@type\":\"SearchAction\",\"target\":\"https:\/\/obilevar.com\/?s={search_term_string}\",\"query-input\":\"required name=search_term_string\"}],\"inLanguage\":\"tr\"},{\"@type\":\"WebPage\",\"@id\":\"https:\/\/obilevar.com\/index.php\/kurumsal\/#webpage\",\"url\":\"https:\/\/obilevar.com\/index.php\/kurumsal\/\",\"name\":\"HAKKIMIZDA -\",\"isPartOf\":{\"@id\":\"https:\/\/obilevar.com\/#website\"},\"datePublished\":\"2021-05-19T15:26:36+00:00\",\"dateModified\":\"2025-10-12T11:37:20+00:00\",\"breadcrumb\":{\"@id\":\"https:\/\/obilevar.com\/index.php\/kurumsal\/#breadcrumb\"},\"inLanguage\":\"tr\",\"potentialAction\":[{\"@type\":\"ReadAction\",\"target\":[\"https:\/\/obilevar.com\/index.php\/kurumsal\/\"]}]},{\"@type\":\"BreadcrumbList\",\"@id\":\"https:\/\/obilevar.com\/index.php\/kurumsal\/#breadcrumb\",\"itemListElement\":[{\"@type\":\"ListItem\",\"position\":1,\"item\":{\"@id\":\"https:\/\/obilevar.com\/index.php\/kurumsal\/#webpage\"}}]}]}<\/script>\n<!-- \/ Yoast SEO plugin. -->","_links":{"self":[{"href":"https:\/\/obilevar.com\/index.php\/wp-json\/wp\/v2\/pages\/231","targetHints":{"allow":["GET"]}}],"collection":[{"href":"https:\/\/obilevar.com\/index.php\/wp-json\/wp\/v2\/pages"}],"about":[{"href":"https:\/\/obilevar.com\/index.php\/wp-json\/wp\/v2\/types\/page"}],"author":[{"embeddable":true,"href":"https:\/\/obilevar.com\/index.php\/wp-json\/wp\/v2\/users\/1"}],"replies":[{"embeddable":true,"href":"https:\/\/obilevar.com\/index.php\/wp-json\/wp\/v2\/comments?post=231"}],"version-history":[{"count":3,"href":"https:\/\/obilevar.com\/index.php\/wp-json\/wp\/v2\/pages\/231\/revisions"}],"predecessor-version":[{"id":321,"href":"https:\/\/obilevar.com\/index.php\/wp-json\/wp\/v2\/pages\/231\/revisions\/321"}],"wp:attachment":[{"href":"https:\/\/obilevar.com\/index.php\/wp-json\/wp\/v2\/media?parent=231"}],"curies":[{"name":"wp","href":"https:\/\/api.w.org\/{rel}","templated":true}]}}