{"id":333,"date":"2025-10-12T15:23:11","date_gmt":"2025-10-12T12:23:11","guid":{"rendered":"https:\/\/obilevar.com\/?post_type=product&#038;p=333"},"modified":"2025-11-16T07:09:29","modified_gmt":"2025-11-16T04:09:29","slug":"seccade-takimi","status":"publish","type":"product","link":"https:\/\/obilevar.com\/index.php\/urun\/seccade-takimi\/","title":{"rendered":"Seccade Tak\u0131m\u0131"},"content":{"rendered":"<p>Seccade<\/p>\n<p>2 Havlu<\/p>\n<p>1 Boh\u00e7a<\/p>\n","protected":false},"excerpt":{"rendered":"<p>\u00c7eyizlik el eme\u011fi<\/p>\n<p>Seccade<\/p>\n<p>2 Adet Havlu<\/p>\n<p>1 adet boh\u00e7a<\/p>\n<p>&nbsp;<\/p>\n<p>Seccade beze sard\u0131r\u0131lmam\u0131\u015ft\u0131r. Sard\u0131r\u0131lm\u0131\u015f hali i\u00e7in bilgi al\u0131n\u0131z<\/p>\n","protected":false},"featured_media":323,"comment_status":"open","ping_status":"closed","template":"","meta":[],"class_list":["post-333","product","type-product","status-publish","has-post-thumbnail","hentry","product_cat-ceyizlik","product_cat-hediyelik-2","product_cat-seccade","product_tag-bohca","product_tag-ceyiz","product_tag-havlu","product_tag-hediyelik","product_tag-seccade"],"yoast_head":"<!-- This site is optimized with the Yoast SEO plugin v16.3 - https:\/\/yoast.com\/wordpress\/plugins\/seo\/ -->\n<title>Seccade Tak\u0131m\u0131 -<\/title>\n<meta name=\"robots\" content=\"index, follow, max-snippet:-1, max-image-preview:large, max-video-preview:-1\" \/>\n<link rel=\"canonical\" href=\"https:\/\/obilevar.com\/index.php\/urun\/seccade-takimi\/\" \/>\n<meta property=\"og:locale\" content=\"tr_TR\" \/>\n<meta property=\"og:type\" content=\"article\" \/>\n<meta property=\"og:title\" content=\"Seccade Tak\u0131m\u0131 -\" \/>\n<meta property=\"og:description\" content=\"\u00c7eyizlik el eme\u011fi  Seccade  2 Adet Havlu  1 adet boh\u00e7a  &nbsp;  Seccade beze sard\u0131r\u0131lmam\u0131\u015ft\u0131r. Sard\u0131r\u0131lm\u0131\u015f hali i\u00e7in bilgi al\u0131n\u0131z\" \/>\n<meta property=\"og:url\" content=\"https:\/\/obilevar.com\/index.php\/urun\/seccade-takimi\/\" \/>\n<meta property=\"article:modified_time\" content=\"2025-11-16T04:09:29+00:00\" \/>\n<meta property=\"og:image\" content=\"https:\/\/obilevar.com\/wp-content\/uploads\/2025\/10\/WhatsApp-Gorsel-2025-10-11-saat-18.14.12_efd26f39.jpg\" \/>\n\t<meta property=\"og:image:width\" content=\"1000\" \/>\n\t<meta property=\"og:image:height\" content=\"563\" \/>\n<meta name=\"twitter:card\" content=\"summary_large_image\" \/>\n<script type=\"application\/ld+json\" class=\"yoast-schema-graph\">{\"@context\":\"https:\/\/schema.org\",\"@graph\":[{\"@type\":\"WebSite\",\"@id\":\"https:\/\/obilevar.com\/#website\",\"url\":\"https:\/\/obilevar.com\/\",\"name\":\"\",\"description\":\"O Bile Var - El Eme\\u011fi G\\u00f6z Nuru\",\"potentialAction\":[{\"@type\":\"SearchAction\",\"target\":\"https:\/\/obilevar.com\/?s={search_term_string}\",\"query-input\":\"required name=search_term_string\"}],\"inLanguage\":\"tr\"},{\"@type\":\"ImageObject\",\"@id\":\"https:\/\/obilevar.com\/index.php\/urun\/seccade-takimi\/#primaryimage\",\"inLanguage\":\"tr\",\"url\":\"https:\/\/obilevar.com\/wp-content\/uploads\/2025\/10\/WhatsApp-Gorsel-2025-10-11-saat-18.14.12_efd26f39.jpg\",\"contentUrl\":\"https:\/\/obilevar.com\/wp-content\/uploads\/2025\/10\/WhatsApp-Gorsel-2025-10-11-saat-18.14.12_efd26f39.jpg\",\"width\":1000,\"height\":563},{\"@type\":\"WebPage\",\"@id\":\"https:\/\/obilevar.com\/index.php\/urun\/seccade-takimi\/#webpage\",\"url\":\"https:\/\/obilevar.com\/index.php\/urun\/seccade-takimi\/\",\"name\":\"Seccade Tak\\u0131m\\u0131 -\",\"isPartOf\":{\"@id\":\"https:\/\/obilevar.com\/#website\"},\"primaryImageOfPage\":{\"@id\":\"https:\/\/obilevar.com\/index.php\/urun\/seccade-takimi\/#primaryimage\"},\"datePublished\":\"2025-10-12T12:23:11+00:00\",\"dateModified\":\"2025-11-16T04:09:29+00:00\",\"breadcrumb\":{\"@id\":\"https:\/\/obilevar.com\/index.php\/urun\/seccade-takimi\/#breadcrumb\"},\"inLanguage\":\"tr\",\"potentialAction\":[{\"@type\":\"ReadAction\",\"target\":[\"https:\/\/obilevar.com\/index.php\/urun\/seccade-takimi\/\"]}]},{\"@type\":\"BreadcrumbList\",\"@id\":\"https:\/\/obilevar.com\/index.php\/urun\/seccade-takimi\/#breadcrumb\",\"itemListElement\":[{\"@type\":\"ListItem\",\"position\":1,\"item\":{\"@type\":\"WebPage\",\"@id\":\"https:\/\/obilevar.com\/index.php\/magaza\/\",\"url\":\"https:\/\/obilevar.com\/index.php\/magaza\/\",\"name\":\"Ma\\u011faza\"}},{\"@type\":\"ListItem\",\"position\":2,\"item\":{\"@id\":\"https:\/\/obilevar.com\/index.php\/urun\/seccade-takimi\/#webpage\"}}]}]}<\/script>\n<!-- \/ Yoast SEO plugin. -->","_links":{"self":[{"href":"https:\/\/obilevar.com\/index.php\/wp-json\/wp\/v2\/product\/333","targetHints":{"allow":["GET"]}}],"collection":[{"href":"https:\/\/obilevar.com\/index.php\/wp-json\/wp\/v2\/product"}],"about":[{"href":"https:\/\/obilevar.com\/index.php\/wp-json\/wp\/v2\/types\/product"}],"replies":[{"embeddable":true,"href":"https:\/\/obilevar.com\/index.php\/wp-json\/wp\/v2\/comments?post=333"}],"wp:featuredmedia":[{"embeddable":true,"href":"https:\/\/obilevar.com\/index.php\/wp-json\/wp\/v2\/media\/323"}],"wp:attachment":[{"href":"https:\/\/obilevar.com\/index.php\/wp-json\/wp\/v2\/media?parent=333"}],"curies":[{"name":"wp","href":"https:\/\/api.w.org\/{rel}","templated":true}]}}